{"id":102,"date":"2020-08-16T08:47:36","date_gmt":"2020-08-16T08:47:36","guid":{"rendered":"https:\/\/deineurologin.at\/?page_id=102"},"modified":"2022-09-04T12:24:26","modified_gmt":"2022-09-04T12:24:26","slug":"impressum","status":"publish","type":"page","link":"https:\/\/deineurologin.at\/?page_id=102","title":{"rendered":"Impressum"},"content":{"rendered":"\n<p>Information nach dem E-Commerce Gesetz<\/p>\n\n\n\n<p>Die Inhaberin der Website&nbsp;Dr. Julia Wolfesberger ist Mitglied der \u00d6sterreichischen und Wiener \u00c4rztekammern.<\/p>\n\n\n\n<p>Kassen: Wahlarzt<\/p>\n\n\n\n<p>Gerichtsstand: Gerichtstand ist das sachlich zust\u00e4ndige Gericht in Wien.<\/p>\n\n\n\n<p>F\u00fcr den Inhalt der Website verantwortlich:&nbsp;<\/p>\n\n\n\n<p>Dr. Julia Wolfesberger, Mollardgasse 69\/14, 1060 Wien, Telefon +43 680 1552 656<\/p>\n\n\n\n<p>E-mail ordination@deine-urologin.at, www.deine-urologin.at<\/p>\n\n\n\n<p>Rechtlicher Hinweis: Es wird keinerlei Gew\u00e4hr f\u00fcr die Aktualit\u00e4t, Korrektheit, Vollst\u00e4ndigkeit oder Qualit\u00e4t der bereitgestellten Informationen \u00fcbernommen. S\u00e4mtliche zur Verf\u00fcgung gestellten medizinischen Informationen stellen keinen Ersatz f\u00fcr einen notwendigen Arztbesuch dar. Bei Beschwerden ist in jedem Fall eine medizinische Abkl\u00e4rung notwendig. Haftungsanspr\u00fcche gegen den Websiteverantwortlichen, welche sich auf Sch\u00e4den materieller oder ideeller Art beziehen, die durch die Nutzung oder Nichtnutzung der dargebotenen Informationen bzw. durch die Nutzung fehlerhafter und unvollst\u00e4ndiger Informationen verursacht wurden, sind ausgeschlossen. Alle Angebote sind freibleibend und unverbindlich.<\/p>\n\n\n\n<h1 class=\"wp-block-heading\" id=\"cc-m-header-9264946386\">Kontakt<\/h1>\n\n\n\n<p>Dr. Julia Wolfesberger<\/p>\n\n\n\n<p>Mollardgasse 69\/14, 1060 Wien<\/p>\n\n\n\n<p>Wahlarzt &#8211; Keine Kassen!<\/p>\n\n\n\n<p>Termine nach telefonischer Anfrage bzw. Anfrage per Mail<\/p>\n","protected":false},"excerpt":{"rendered":"<p>Information nach dem E-Commerce Gesetz Die Inhaberin der Website&nbsp;Dr. Julia Wolfesberger ist Mitglied der \u00d6sterreichischen und Wiener \u00c4rztekammern. Kassen: Wahlarzt Gerichtsstand: Gerichtstand ist das sachlich zust\u00e4ndige Gericht in Wien. F\u00fcr den Inhalt der Website verantwortlich:&nbsp; Dr. Julia Wolfesberger, Mollardgasse 69\/14, 1060 Wien, Telefon +43 680 1552 656 E-mail ordination@deine-urologin.at, www.deine-urologin.at Rechtlicher Hinweis: Es wird keinerlei &hellip; <\/p>\n<p class=\"link-more\"><a href=\"https:\/\/deineurologin.at\/?page_id=102\" class=\"more-link\">Continue reading<span class=\"screen-reader-text\"> &#8222;Impressum&#8220;<\/span><\/a><\/p>\n","protected":false},"author":1,"featured_media":0,"parent":0,"menu_order":0,"comment_status":"closed","ping_status":"closed","template":"","meta":{"footnotes":""},"class_list":["post-102","page","type-page","status-publish","hentry"],"yoast_head":"<!-- This site is optimized with the Yoast SEO plugin v24.0 - https:\/\/yoast.com\/wordpress\/plugins\/seo\/ -->\n<title>Impressum - Dr. Julia Wolfesberger<\/title>\n<meta name=\"robots\" content=\"index, follow, max-snippet:-1, max-image-preview:large, max-video-preview:-1\" \/>\n<link rel=\"canonical\" href=\"https:\/\/deineurologin.at\/?page_id=102\" \/>\n<meta property=\"og:locale\" content=\"de_DE\" \/>\n<meta property=\"og:type\" content=\"article\" \/>\n<meta property=\"og:title\" content=\"Impressum - Dr. Julia Wolfesberger\" \/>\n<meta property=\"og:description\" content=\"Information nach dem E-Commerce Gesetz Die Inhaberin der Website&nbsp;Dr. Julia Wolfesberger ist Mitglied der \u00d6sterreichischen und Wiener \u00c4rztekammern. Kassen: Wahlarzt Gerichtsstand: Gerichtstand ist das sachlich zust\u00e4ndige Gericht in Wien. F\u00fcr den Inhalt der Website verantwortlich:&nbsp; Dr. Julia Wolfesberger, Mollardgasse 69\/14, 1060 Wien, Telefon +43 680 1552 656 E-mail ordination@deine-urologin.at, www.deine-urologin.at Rechtlicher Hinweis: Es wird keinerlei &hellip; Continue reading &quot;Impressum&quot;\" \/>\n<meta property=\"og:url\" content=\"https:\/\/deineurologin.at\/?page_id=102\" \/>\n<meta property=\"og:site_name\" content=\"Dr. Julia Wolfesberger\" \/>\n<meta property=\"article:modified_time\" content=\"2022-09-04T12:24:26+00:00\" \/>\n<meta name=\"twitter:card\" content=\"summary_large_image\" \/>\n<meta name=\"twitter:label1\" content=\"Gesch\u00e4tzte Lesezeit\" \/>\n\t<meta name=\"twitter:data1\" content=\"1 Minute\" \/>\n<script type=\"application\/ld+json\" class=\"yoast-schema-graph\">{\"@context\":\"https:\/\/schema.org\",\"@graph\":[{\"@type\":\"WebPage\",\"@id\":\"https:\/\/deineurologin.at\/?page_id=102\",\"url\":\"https:\/\/deineurologin.at\/?page_id=102\",\"name\":\"Impressum - Dr. Julia Wolfesberger\",\"isPartOf\":{\"@id\":\"https:\/\/deineurologin.at\/#website\"},\"datePublished\":\"2020-08-16T08:47:36+00:00\",\"dateModified\":\"2022-09-04T12:24:26+00:00\",\"breadcrumb\":{\"@id\":\"https:\/\/deineurologin.at\/?page_id=102#breadcrumb\"},\"inLanguage\":\"de-AT\",\"potentialAction\":[{\"@type\":\"ReadAction\",\"target\":[\"https:\/\/deineurologin.at\/?page_id=102\"]}]},{\"@type\":\"BreadcrumbList\",\"@id\":\"https:\/\/deineurologin.at\/?page_id=102#breadcrumb\",\"itemListElement\":[{\"@type\":\"ListItem\",\"position\":1,\"name\":\"Home\",\"item\":\"https:\/\/deineurologin.at\/\"},{\"@type\":\"ListItem\",\"position\":2,\"name\":\"Impressum\"}]},{\"@type\":\"WebSite\",\"@id\":\"https:\/\/deineurologin.at\/#website\",\"url\":\"https:\/\/deineurologin.at\/\",\"name\":\"Dr. Julia Wolfesberger\",\"description\":\"Deine Urologin\",\"publisher\":{\"@id\":\"https:\/\/deineurologin.at\/#\/schema\/person\/df061b8887a19474011725af94856679\"},\"potentialAction\":[{\"@type\":\"SearchAction\",\"target\":{\"@type\":\"EntryPoint\",\"urlTemplate\":\"https:\/\/deineurologin.at\/?s={search_term_string}\"},\"query-input\":{\"@type\":\"PropertyValueSpecification\",\"valueRequired\":true,\"valueName\":\"search_term_string\"}}],\"inLanguage\":\"de-AT\"},{\"@type\":[\"Person\",\"Organization\"],\"@id\":\"https:\/\/deineurologin.at\/#\/schema\/person\/df061b8887a19474011725af94856679\",\"name\":\"admin\",\"image\":{\"@type\":\"ImageObject\",\"inLanguage\":\"de-AT\",\"@id\":\"https:\/\/deineurologin.at\/#\/schema\/person\/image\/\",\"url\":\"https:\/\/secure.gravatar.com\/avatar\/49502c71e365cd9d1ab483b26ef2cc7b?s=96&d=mm&r=g\",\"contentUrl\":\"https:\/\/secure.gravatar.com\/avatar\/49502c71e365cd9d1ab483b26ef2cc7b?s=96&d=mm&r=g\",\"caption\":\"admin\"},\"logo\":{\"@id\":\"https:\/\/deineurologin.at\/#\/schema\/person\/image\/\"},\"sameAs\":[\"https:\/\/deineurologin.at\"]}]}<\/script>\n<!-- \/ Yoast SEO plugin. -->","yoast_head_json":{"title":"Impressum - Dr. Julia Wolfesberger","robots":{"index":"index","follow":"follow","max-snippet":"max-snippet:-1","max-image-preview":"max-image-preview:large","max-video-preview":"max-video-preview:-1"},"canonical":"https:\/\/deineurologin.at\/?page_id=102","og_locale":"de_DE","og_type":"article","og_title":"Impressum - Dr. Julia Wolfesberger","og_description":"Information nach dem E-Commerce Gesetz Die Inhaberin der Website&nbsp;Dr. Julia Wolfesberger ist Mitglied der \u00d6sterreichischen und Wiener \u00c4rztekammern. Kassen: Wahlarzt Gerichtsstand: Gerichtstand ist das sachlich zust\u00e4ndige Gericht in Wien. F\u00fcr den Inhalt der Website verantwortlich:&nbsp; Dr. Julia Wolfesberger, Mollardgasse 69\/14, 1060 Wien, Telefon +43 680 1552 656 E-mail ordination@deine-urologin.at, www.deine-urologin.at Rechtlicher Hinweis: Es wird keinerlei &hellip; Continue reading \"Impressum\"","og_url":"https:\/\/deineurologin.at\/?page_id=102","og_site_name":"Dr. Julia Wolfesberger","article_modified_time":"2022-09-04T12:24:26+00:00","twitter_card":"summary_large_image","twitter_misc":{"Gesch\u00e4tzte Lesezeit":"1 Minute"},"schema":{"@context":"https:\/\/schema.org","@graph":[{"@type":"WebPage","@id":"https:\/\/deineurologin.at\/?page_id=102","url":"https:\/\/deineurologin.at\/?page_id=102","name":"Impressum - Dr. Julia Wolfesberger","isPartOf":{"@id":"https:\/\/deineurologin.at\/#website"},"datePublished":"2020-08-16T08:47:36+00:00","dateModified":"2022-09-04T12:24:26+00:00","breadcrumb":{"@id":"https:\/\/deineurologin.at\/?page_id=102#breadcrumb"},"inLanguage":"de-AT","potentialAction":[{"@type":"ReadAction","target":["https:\/\/deineurologin.at\/?page_id=102"]}]},{"@type":"BreadcrumbList","@id":"https:\/\/deineurologin.at\/?page_id=102#breadcrumb","itemListElement":[{"@type":"ListItem","position":1,"name":"Home","item":"https:\/\/deineurologin.at\/"},{"@type":"ListItem","position":2,"name":"Impressum"}]},{"@type":"WebSite","@id":"https:\/\/deineurologin.at\/#website","url":"https:\/\/deineurologin.at\/","name":"Dr. Julia Wolfesberger","description":"Deine Urologin","publisher":{"@id":"https:\/\/deineurologin.at\/#\/schema\/person\/df061b8887a19474011725af94856679"},"potentialAction":[{"@type":"SearchAction","target":{"@type":"EntryPoint","urlTemplate":"https:\/\/deineurologin.at\/?s={search_term_string}"},"query-input":{"@type":"PropertyValueSpecification","valueRequired":true,"valueName":"search_term_string"}}],"inLanguage":"de-AT"},{"@type":["Person","Organization"],"@id":"https:\/\/deineurologin.at\/#\/schema\/person\/df061b8887a19474011725af94856679","name":"admin","image":{"@type":"ImageObject","inLanguage":"de-AT","@id":"https:\/\/deineurologin.at\/#\/schema\/person\/image\/","url":"https:\/\/secure.gravatar.com\/avatar\/49502c71e365cd9d1ab483b26ef2cc7b?s=96&d=mm&r=g","contentUrl":"https:\/\/secure.gravatar.com\/avatar\/49502c71e365cd9d1ab483b26ef2cc7b?s=96&d=mm&r=g","caption":"admin"},"logo":{"@id":"https:\/\/deineurologin.at\/#\/schema\/person\/image\/"},"sameAs":["https:\/\/deineurologin.at"]}]}},"featured_image_src":null,"featured_image_src_square":null,"_links":{"self":[{"href":"https:\/\/deineurologin.at\/index.php?rest_route=\/wp\/v2\/pages\/102","targetHints":{"allow":["GET"]}}],"collection":[{"href":"https:\/\/deineurologin.at\/index.php?rest_route=\/wp\/v2\/pages"}],"about":[{"href":"https:\/\/deineurologin.at\/index.php?rest_route=\/wp\/v2\/types\/page"}],"author":[{"embeddable":true,"href":"https:\/\/deineurologin.at\/index.php?rest_route=\/wp\/v2\/users\/1"}],"replies":[{"embeddable":true,"href":"https:\/\/deineurologin.at\/index.php?rest_route=%2Fwp%2Fv2%2Fcomments&post=102"}],"version-history":[{"count":4,"href":"https:\/\/deineurologin.at\/index.php?rest_route=\/wp\/v2\/pages\/102\/revisions"}],"predecessor-version":[{"id":287,"href":"https:\/\/deineurologin.at\/index.php?rest_route=\/wp\/v2\/pages\/102\/revisions\/287"}],"wp:attachment":[{"href":"https:\/\/deineurologin.at\/index.php?rest_route=%2Fwp%2Fv2%2Fmedia&parent=102"}],"curies":[{"name":"wp","href":"https:\/\/api.w.org\/{rel}","templated":true}]}}