{"id":72,"date":"2020-08-15T13:14:10","date_gmt":"2020-08-15T13:14:10","guid":{"rendered":"https:\/\/deineurologin.at\/?page_id=72"},"modified":"2020-10-03T15:33:09","modified_gmt":"2020-10-03T15:33:09","slug":"leistungen","status":"publish","type":"page","link":"https:\/\/deineurologin.at\/?page_id=72","title":{"rendered":"Leistungen"},"content":{"rendered":"\n<div class=\"wp-block-group\"><div class=\"wp-block-group__inner-container is-layout-flow wp-block-group-is-layout-flow\">\n<div class=\"wp-block-group\"><div class=\"wp-block-group__inner-container is-layout-flow wp-block-group-is-layout-flow\">\n<h2 class=\"wp-block-heading\">Urologische Beschwerden<\/h2>\n\n\n\n<ul class=\"wp-block-list\"><li>schmerzender Hoden<\/li><li>Blut im Harn<\/li><li>Nierensteine<\/li><li>Entz\u00fcndungen <\/li><li>abgeschw\u00e4chter Harnstrahl<\/li><li>h\u00e4ufiges oder n\u00e4chtliches Urinieren<\/li><li>h\u00e4ufiger Harndrang<\/li><\/ul>\n\n\n\n<h2 class=\"wp-block-heading\">Vorsorge, Therapie und Nachsorge von Krebserkrankungen<\/h2>\n\n\n\n<ul class=\"wp-block-list\"><li>Hodenkrebs<\/li><li>Prostatakrebs<\/li><li>Blasenkrebs<\/li><li>Nierentumor<\/li><li>Harnleitertumor<\/li><li>Raumforderungen der Nebenniere<\/li><li>Peniskarzinom<\/li><\/ul>\n\n\n\n<h2 class=\"wp-block-heading\">Steinleiden<\/h2>\n\n\n\n<ul class=\"wp-block-list\"><li>Entdeckung und Kontrolle von Nierensteinen<\/li><li>Operation oder Zertr\u00fcmmerung von Nierensteinen<\/li><li>Beratung zur Verhinderung von Nierensteinen<\/li><li>Erkennung und Entfernen von Blasensteinen<\/li><\/ul>\n\n\n\n<h2 class=\"wp-block-heading\">Urologie bei Kindern<\/h2>\n\n\n\n<ul class=\"wp-block-list\"><li>Pendelhoden oder Gleithoden<\/li><li>Vorhautverengung und Beschneidungen<\/li><li>Einn\u00e4ssen<\/li><\/ul>\n\n\n\n<h2 class=\"wp-block-heading\">Urologie bei Frauen<\/h2>\n\n\n\n<ul class=\"wp-block-list\"><li>Harnwegsinfekte<\/li><li>Beratung zur Verhinderung von wiederkehrenden Blasenentz\u00fcndungen<\/li><li>Beckenboden<\/li><li>Harnverlust<\/li><\/ul>\n\n\n\n<h2 class=\"wp-block-heading\">Urologie bei M\u00e4nnern + Andrologie<\/h2>\n\n\n\n<ul class=\"wp-block-list\"><li>gutartige Prostatavergr\u00f6\u00dferung<\/li><li>Potenzprobleme<\/li><li>Libidoverlust<\/li><li>Errektionsst\u00f6rungen<\/li><li>Harnr\u00f6hrenverengungen<\/li><\/ul>\n\n\n\n<h2 class=\"wp-block-heading\">Harnableitungen<\/h2>\n\n\n\n<ul class=\"wp-block-list\"><li>Wechsel von Dauerkatheter oder Bauchdeckenkatheter<\/li><\/ul>\n\n\n\n<h2 class=\"wp-block-heading\">Kinderwunsch<\/h2>\n\n\n\n<ul class=\"wp-block-list\"><li>Abkl\u00e4rung des Mannes bei unerf\u00fclltem Kinderwunsch<\/li><li>Beratung bei St\u00f6rungen der Zeugungsf\u00e4higkeit<\/li><\/ul>\n<\/div><\/div>\n<\/div><\/div>\n\n\n\n<figure class=\"wp-block-image size-large\"><img loading=\"lazy\" decoding=\"async\" width=\"1024\" height=\"768\" src=\"https:\/\/deineurologin.at\/wp-content\/uploads\/2020\/08\/IMG_0644-1-1024x768.jpg\" alt=\"\" class=\"wp-image-142\" srcset=\"https:\/\/deineurologin.at\/wp-content\/uploads\/2020\/08\/IMG_0644-1-1024x768.jpg 1024w, https:\/\/deineurologin.at\/wp-content\/uploads\/2020\/08\/IMG_0644-1-300x225.jpg 300w, https:\/\/deineurologin.at\/wp-content\/uploads\/2020\/08\/IMG_0644-1-768x576.jpg 768w, https:\/\/deineurologin.at\/wp-content\/uploads\/2020\/08\/IMG_0644-1-1536x1152.jpg 1536w, https:\/\/deineurologin.at\/wp-content\/uploads\/2020\/08\/IMG_0644-1.jpg 2016w\" sizes=\"auto, (max-width: 767px) 89vw, (max-width: 1000px) 54vw, (max-width: 1071px) 543px, 580px\" \/><\/figure>\n","protected":false},"excerpt":{"rendered":"<p>Urologische Beschwerden schmerzender Hoden Blut im Harn Nierensteine Entz\u00fcndungen abgeschw\u00e4chter Harnstrahl h\u00e4ufiges oder n\u00e4chtliches Urinieren h\u00e4ufiger Harndrang Vorsorge, Therapie und Nachsorge von Krebserkrankungen Hodenkrebs Prostatakrebs Blasenkrebs Nierentumor Harnleitertumor Raumforderungen der Nebenniere Peniskarzinom Steinleiden Entdeckung und Kontrolle von Nierensteinen Operation oder Zertr\u00fcmmerung von Nierensteinen Beratung zur Verhinderung von Nierensteinen Erkennung und Entfernen von Blasensteinen Urologie bei &hellip; <\/p>\n<p class=\"link-more\"><a href=\"https:\/\/deineurologin.at\/?page_id=72\" class=\"more-link\">Continue reading<span class=\"screen-reader-text\"> &#8222;Leistungen&#8220;<\/span><\/a><\/p>\n","protected":false},"author":1,"featured_media":0,"parent":0,"menu_order":0,"comment_status":"closed","ping_status":"closed","template":"","meta":{"footnotes":""},"class_list":["post-72","page","type-page","status-publish","hentry"],"yoast_head":"<!-- This site is optimized with the Yoast SEO plugin v24.0 - https:\/\/yoast.com\/wordpress\/plugins\/seo\/ -->\n<title>Leistungen - Dr. Julia Wolfesberger<\/title>\n<meta name=\"robots\" content=\"index, follow, max-snippet:-1, max-image-preview:large, max-video-preview:-1\" \/>\n<link rel=\"canonical\" href=\"https:\/\/deineurologin.at\/?page_id=72\" \/>\n<meta property=\"og:locale\" content=\"de_DE\" \/>\n<meta property=\"og:type\" content=\"article\" \/>\n<meta property=\"og:title\" content=\"Leistungen - Dr. Julia Wolfesberger\" \/>\n<meta property=\"og:description\" content=\"Urologische Beschwerden schmerzender Hoden Blut im Harn Nierensteine Entz\u00fcndungen abgeschw\u00e4chter Harnstrahl h\u00e4ufiges oder n\u00e4chtliches Urinieren h\u00e4ufiger Harndrang Vorsorge, Therapie und Nachsorge von Krebserkrankungen Hodenkrebs Prostatakrebs Blasenkrebs Nierentumor Harnleitertumor Raumforderungen der Nebenniere Peniskarzinom Steinleiden Entdeckung und Kontrolle von Nierensteinen Operation oder Zertr\u00fcmmerung von Nierensteinen Beratung zur Verhinderung von Nierensteinen Erkennung und Entfernen von Blasensteinen Urologie bei &hellip; Continue reading &quot;Leistungen&quot;\" \/>\n<meta property=\"og:url\" content=\"https:\/\/deineurologin.at\/?page_id=72\" \/>\n<meta property=\"og:site_name\" content=\"Dr. Julia Wolfesberger\" \/>\n<meta property=\"article:modified_time\" content=\"2020-10-03T15:33:09+00:00\" \/>\n<meta property=\"og:image\" content=\"https:\/\/deineurologin.at\/wp-content\/uploads\/2020\/08\/IMG_0644-1-1024x768.jpg\" \/>\n<meta name=\"twitter:card\" content=\"summary_large_image\" \/>\n<script type=\"application\/ld+json\" class=\"yoast-schema-graph\">{\"@context\":\"https:\/\/schema.org\",\"@graph\":[{\"@type\":\"WebPage\",\"@id\":\"https:\/\/deineurologin.at\/?page_id=72\",\"url\":\"https:\/\/deineurologin.at\/?page_id=72\",\"name\":\"Leistungen - Dr. Julia Wolfesberger\",\"isPartOf\":{\"@id\":\"https:\/\/deineurologin.at\/#website\"},\"primaryImageOfPage\":{\"@id\":\"https:\/\/deineurologin.at\/?page_id=72#primaryimage\"},\"image\":{\"@id\":\"https:\/\/deineurologin.at\/?page_id=72#primaryimage\"},\"thumbnailUrl\":\"https:\/\/deineurologin.at\/wp-content\/uploads\/2020\/08\/IMG_0644-1-1024x768.jpg\",\"datePublished\":\"2020-08-15T13:14:10+00:00\",\"dateModified\":\"2020-10-03T15:33:09+00:00\",\"breadcrumb\":{\"@id\":\"https:\/\/deineurologin.at\/?page_id=72#breadcrumb\"},\"inLanguage\":\"de-AT\",\"potentialAction\":[{\"@type\":\"ReadAction\",\"target\":[\"https:\/\/deineurologin.at\/?page_id=72\"]}]},{\"@type\":\"ImageObject\",\"inLanguage\":\"de-AT\",\"@id\":\"https:\/\/deineurologin.at\/?page_id=72#primaryimage\",\"url\":\"https:\/\/deineurologin.at\/wp-content\/uploads\/2020\/08\/IMG_0644-1-1024x768.jpg\",\"contentUrl\":\"https:\/\/deineurologin.at\/wp-content\/uploads\/2020\/08\/IMG_0644-1-1024x768.jpg\"},{\"@type\":\"BreadcrumbList\",\"@id\":\"https:\/\/deineurologin.at\/?page_id=72#breadcrumb\",\"itemListElement\":[{\"@type\":\"ListItem\",\"position\":1,\"name\":\"Home\",\"item\":\"https:\/\/deineurologin.at\/\"},{\"@type\":\"ListItem\",\"position\":2,\"name\":\"Leistungen\"}]},{\"@type\":\"WebSite\",\"@id\":\"https:\/\/deineurologin.at\/#website\",\"url\":\"https:\/\/deineurologin.at\/\",\"name\":\"Dr. Julia Wolfesberger\",\"description\":\"Deine Urologin\",\"publisher\":{\"@id\":\"https:\/\/deineurologin.at\/#\/schema\/person\/df061b8887a19474011725af94856679\"},\"potentialAction\":[{\"@type\":\"SearchAction\",\"target\":{\"@type\":\"EntryPoint\",\"urlTemplate\":\"https:\/\/deineurologin.at\/?s={search_term_string}\"},\"query-input\":{\"@type\":\"PropertyValueSpecification\",\"valueRequired\":true,\"valueName\":\"search_term_string\"}}],\"inLanguage\":\"de-AT\"},{\"@type\":[\"Person\",\"Organization\"],\"@id\":\"https:\/\/deineurologin.at\/#\/schema\/person\/df061b8887a19474011725af94856679\",\"name\":\"admin\",\"image\":{\"@type\":\"ImageObject\",\"inLanguage\":\"de-AT\",\"@id\":\"https:\/\/deineurologin.at\/#\/schema\/person\/image\/\",\"url\":\"https:\/\/secure.gravatar.com\/avatar\/49502c71e365cd9d1ab483b26ef2cc7b?s=96&d=mm&r=g\",\"contentUrl\":\"https:\/\/secure.gravatar.com\/avatar\/49502c71e365cd9d1ab483b26ef2cc7b?s=96&d=mm&r=g\",\"caption\":\"admin\"},\"logo\":{\"@id\":\"https:\/\/deineurologin.at\/#\/schema\/person\/image\/\"},\"sameAs\":[\"https:\/\/deineurologin.at\"]}]}<\/script>\n<!-- \/ Yoast SEO plugin. -->","yoast_head_json":{"title":"Leistungen - Dr. Julia Wolfesberger","robots":{"index":"index","follow":"follow","max-snippet":"max-snippet:-1","max-image-preview":"max-image-preview:large","max-video-preview":"max-video-preview:-1"},"canonical":"https:\/\/deineurologin.at\/?page_id=72","og_locale":"de_DE","og_type":"article","og_title":"Leistungen - Dr. Julia Wolfesberger","og_description":"Urologische Beschwerden schmerzender Hoden Blut im Harn Nierensteine Entz\u00fcndungen abgeschw\u00e4chter Harnstrahl h\u00e4ufiges oder n\u00e4chtliches Urinieren h\u00e4ufiger Harndrang Vorsorge, Therapie und Nachsorge von Krebserkrankungen Hodenkrebs Prostatakrebs Blasenkrebs Nierentumor Harnleitertumor Raumforderungen der Nebenniere Peniskarzinom Steinleiden Entdeckung und Kontrolle von Nierensteinen Operation oder Zertr\u00fcmmerung von Nierensteinen Beratung zur Verhinderung von Nierensteinen Erkennung und Entfernen von Blasensteinen Urologie bei &hellip; Continue reading \"Leistungen\"","og_url":"https:\/\/deineurologin.at\/?page_id=72","og_site_name":"Dr. Julia Wolfesberger","article_modified_time":"2020-10-03T15:33:09+00:00","og_image":[{"url":"https:\/\/deineurologin.at\/wp-content\/uploads\/2020\/08\/IMG_0644-1-1024x768.jpg","type":"","width":"","height":""}],"twitter_card":"summary_large_image","schema":{"@context":"https:\/\/schema.org","@graph":[{"@type":"WebPage","@id":"https:\/\/deineurologin.at\/?page_id=72","url":"https:\/\/deineurologin.at\/?page_id=72","name":"Leistungen - Dr. Julia Wolfesberger","isPartOf":{"@id":"https:\/\/deineurologin.at\/#website"},"primaryImageOfPage":{"@id":"https:\/\/deineurologin.at\/?page_id=72#primaryimage"},"image":{"@id":"https:\/\/deineurologin.at\/?page_id=72#primaryimage"},"thumbnailUrl":"https:\/\/deineurologin.at\/wp-content\/uploads\/2020\/08\/IMG_0644-1-1024x768.jpg","datePublished":"2020-08-15T13:14:10+00:00","dateModified":"2020-10-03T15:33:09+00:00","breadcrumb":{"@id":"https:\/\/deineurologin.at\/?page_id=72#breadcrumb"},"inLanguage":"de-AT","potentialAction":[{"@type":"ReadAction","target":["https:\/\/deineurologin.at\/?page_id=72"]}]},{"@type":"ImageObject","inLanguage":"de-AT","@id":"https:\/\/deineurologin.at\/?page_id=72#primaryimage","url":"https:\/\/deineurologin.at\/wp-content\/uploads\/2020\/08\/IMG_0644-1-1024x768.jpg","contentUrl":"https:\/\/deineurologin.at\/wp-content\/uploads\/2020\/08\/IMG_0644-1-1024x768.jpg"},{"@type":"BreadcrumbList","@id":"https:\/\/deineurologin.at\/?page_id=72#breadcrumb","itemListElement":[{"@type":"ListItem","position":1,"name":"Home","item":"https:\/\/deineurologin.at\/"},{"@type":"ListItem","position":2,"name":"Leistungen"}]},{"@type":"WebSite","@id":"https:\/\/deineurologin.at\/#website","url":"https:\/\/deineurologin.at\/","name":"Dr. Julia Wolfesberger","description":"Deine Urologin","publisher":{"@id":"https:\/\/deineurologin.at\/#\/schema\/person\/df061b8887a19474011725af94856679"},"potentialAction":[{"@type":"SearchAction","target":{"@type":"EntryPoint","urlTemplate":"https:\/\/deineurologin.at\/?s={search_term_string}"},"query-input":{"@type":"PropertyValueSpecification","valueRequired":true,"valueName":"search_term_string"}}],"inLanguage":"de-AT"},{"@type":["Person","Organization"],"@id":"https:\/\/deineurologin.at\/#\/schema\/person\/df061b8887a19474011725af94856679","name":"admin","image":{"@type":"ImageObject","inLanguage":"de-AT","@id":"https:\/\/deineurologin.at\/#\/schema\/person\/image\/","url":"https:\/\/secure.gravatar.com\/avatar\/49502c71e365cd9d1ab483b26ef2cc7b?s=96&d=mm&r=g","contentUrl":"https:\/\/secure.gravatar.com\/avatar\/49502c71e365cd9d1ab483b26ef2cc7b?s=96&d=mm&r=g","caption":"admin"},"logo":{"@id":"https:\/\/deineurologin.at\/#\/schema\/person\/image\/"},"sameAs":["https:\/\/deineurologin.at"]}]}},"featured_image_src":null,"featured_image_src_square":null,"_links":{"self":[{"href":"https:\/\/deineurologin.at\/index.php?rest_route=\/wp\/v2\/pages\/72","targetHints":{"allow":["GET"]}}],"collection":[{"href":"https:\/\/deineurologin.at\/index.php?rest_route=\/wp\/v2\/pages"}],"about":[{"href":"https:\/\/deineurologin.at\/index.php?rest_route=\/wp\/v2\/types\/page"}],"author":[{"embeddable":true,"href":"https:\/\/deineurologin.at\/index.php?rest_route=\/wp\/v2\/users\/1"}],"replies":[{"embeddable":true,"href":"https:\/\/deineurologin.at\/index.php?rest_route=%2Fwp%2Fv2%2Fcomments&post=72"}],"version-history":[{"count":14,"href":"https:\/\/deineurologin.at\/index.php?rest_route=\/wp\/v2\/pages\/72\/revisions"}],"predecessor-version":[{"id":213,"href":"https:\/\/deineurologin.at\/index.php?rest_route=\/wp\/v2\/pages\/72\/revisions\/213"}],"wp:attachment":[{"href":"https:\/\/deineurologin.at\/index.php?rest_route=%2Fwp%2Fv2%2Fmedia&parent=72"}],"curies":[{"name":"wp","href":"https:\/\/api.w.org\/{rel}","templated":true}]}}